{"id":1879,"date":"2023-08-16T05:47:34","date_gmt":"2023-08-16T05:47:34","guid":{"rendered":"https:\/\/magprocess.com\/contact\/"},"modified":"2026-02-06T12:49:22","modified_gmt":"2026-02-06T09:49:22","slug":"iletisim","status":"publish","type":"page","link":"https:\/\/magenerji.com\/?page_id=1879","title":{"rendered":"ileti\u015fim"},"content":{"rendered":"\r\n<p>&nbsp;<\/p>\r\n<p>&nbsp;<\/p>\r\n<p>&nbsp;<\/p>\r\n<p>&nbsp;<\/p>\r\n<div class=\"wp-block-uagb-inline-notice uagb-inline_notice__align-left uagb-block-75c5b878\">\r\n<div class=\"uagb-notice-text\">\r\n<p><\/p>\r\n<div class=\"wp-block-uagb-container uagb-block-4gecegsa alignfull uagb-is-root-container\">\r\n<div class=\"uagb-container-inner-blocks-wrap\">\r\n<div class=\"wp-block-uagb-info-box uagb-block-ommstqhq uagb-infobox__content-wrap  uagb-infobox-icon-above-title uagb-infobox-image-valign-top\">\r\n<div class=\"uagb-ifb-content\">\r\n<div class=\"uagb-ifb-title-wrap\">\r\n<h2 class=\"uagb-ifb-title\"><strong><mark class=\"has-inline-color has-ast-global-color-1-color\">MAG \u00ae<\/mark><\/strong><\/h2>\r\n<\/div>\r\n<p class=\"uagb-ifb-desc\">Sorular\u0131n\u0131z veya talepleriniz i\u00e7in bizimle ileti\u015fime ge\u00e7ebilirsiniz.<\/p>\r\n<\/div>\r\n<\/div>\r\n\r\n\r\n\r\n<div class=\"wp-block-uagb-container uagb-block-lbqc9mzs\">\r\n<div class=\"wp-block-uagb-container uagb-block-pbwj5jck\">\r\n<div class=\"wp-block-uagb-info-box uagb-block-3tnj3cwg uagb-infobox__content-wrap  uagb-infobox-icon-left uagb-infobox-left uagb-infobox-stacked-tablet uagb-infobox-image-valign-top\">\r\n<div class=\"uagb-ifb-icon-wrap\">\r\n<div class=\"uagb-iconbox-icon-wrap uagb-infobox-shape-circle\">\u00a0<\/div>\r\n<\/div>\r\n<div class=\"uagb-ifb-content\">\r\n<div class=\"uagb-ifb-title-wrap\">\r\n<p class=\"uagb-ifb-title\">TELEFON<\/p>\r\n<\/div>\r\n<p class=\"uagb-ifb-desc\">(+90) 224 268 00 77<\/p>\r\n<\/div>\r\n<\/div>\r\n<\/div>\r\n\r\n\r\n\r\n<div class=\"wp-block-uagb-container uagb-block-r7x6hzmr\">\r\n<div class=\"wp-block-uagb-info-box uagb-block-rjetnhlc uagb-infobox__content-wrap  uagb-infobox-icon-left uagb-infobox-left uagb-infobox-stacked-tablet uagb-infobox-image-valign-top\">\r\n<div class=\"uagb-ifb-icon-wrap\">\r\n<div class=\"uagb-iconbox-icon-wrap uagb-infobox-shape-circle\">\u00a0<\/div>\r\n<\/div>\r\n<div class=\"uagb-ifb-content\">\r\n<div class=\"uagb-ifb-title-wrap\">\r\n<p class=\"uagb-ifb-title\">Adres<\/p>\r\n<\/div>\r\n<p class=\"uagb-ifb-desc\">Teknosab Sanayi Bursa yolu 9.sok No.1 Nil\u00fcfer | Bursa | T\u00fcrkiye P.K.16110<\/p>\r\n<\/div>\r\n<\/div>\r\n<\/div>\r\n<\/div>\r\n\r\n\r\n\r\n<div class=\"wp-block-uagb-container uagb-block-d90fd1db\">\r\n<div class=\"wp-block-uagb-container uagb-block-08afa0b3\">\r\n<div class=\"wp-block-uagb-info-box uagb-block-7c5ff379 uagb-infobox__content-wrap  uagb-infobox-icon-left uagb-infobox-left uagb-infobox-stacked-tablet uagb-infobox-image-valign-top\">\r\n<div class=\"uagb-ifb-icon-wrap\">\r\n<div class=\"uagb-iconbox-icon-wrap uagb-infobox-shape-circle\">\u00a0<\/div>\r\n<\/div>\r\n<div class=\"uagb-ifb-content\">\r\n<div class=\"uagb-ifb-title-wrap\">\r\n<p class=\"uagb-ifb-title\">Email<\/p>\r\n<\/div>\r\n<p class=\"uagb-ifb-desc\">info@magprocess.com<\/p>\r\n<\/div>\r\n<\/div>\r\n<\/div>\r\n\r\n\r\n\r\n<div class=\"wp-block-uagb-container uagb-block-290732dc\">\r\n<div class=\"wp-block-uagb-info-box uagb-block-d5b21058 uagb-infobox__content-wrap  uagb-infobox-icon-left uagb-infobox-left uagb-infobox-stacked-tablet uagb-infobox-image-valign-top\">\r\n<div class=\"uagb-ifb-icon-wrap\">\r\n<div class=\"uagb-iconbox-icon-wrap uagb-infobox-shape-circle\">\u00a0<\/div>\r\n<\/div>\r\n<div class=\"uagb-ifb-content\">\r\n<div class=\"uagb-ifb-title-wrap\">\r\n<p class=\"uagb-ifb-title\">pROJE<\/p>\r\n<\/div>\r\n<p class=\"uagb-ifb-desc\">mag@magprocess.com<\/p>\r\n<\/div>\r\n<\/div>\r\n<\/div>\r\n\r\n\r\n\r\n<div class=\"wp-block-uagb-container uagb-block-4a5f7191\">\r\n<div class=\"wp-block-uagb-info-box uagb-block-eb168735 uagb-infobox__content-wrap  uagb-infobox-icon-left uagb-infobox-left uagb-infobox-stacked-tablet uagb-infobox-image-valign-top\">\r\n<div class=\"uagb-ifb-icon-wrap\">\r\n<div class=\"uagb-iconbox-icon-wrap uagb-infobox-shape-circle\">\u00a0<\/div>\r\n<\/div>\r\n<div class=\"uagb-ifb-content\">\r\n<div class=\"uagb-ifb-title-wrap\">\r\n<p class=\"uagb-ifb-title\">SATINALMA<\/p>\r\n<\/div>\r\n<p class=\"uagb-ifb-desc\">pmag@magprocess.com<\/p>\r\n<\/div>\r\n<\/div>\r\n<\/div>\r\n<\/div>\r\n\r\n\r\n\r\n<div class=\"wp-block-uagb-container uagb-block-7a4d33f2\">\r\n<div class=\"wp-block-uagb-container uagb-block-10997bfc\">\r\n<div class=\"wp-block-uagb-info-box uagb-block-786d8d38 uagb-infobox__content-wrap  uagb-infobox-icon-left uagb-infobox-left uagb-infobox-stacked-tablet uagb-infobox-image-valign-top\">\r\n<div class=\"uagb-ifb-icon-wrap\">\r\n<div class=\"uagb-iconbox-icon-wrap uagb-infobox-shape-circle\">\u00a0<\/div>\r\n<\/div>\r\n<div class=\"uagb-ifb-content\">\r\n<div class=\"uagb-ifb-title-wrap\">\r\n<p class=\"uagb-ifb-title\">SAt\u0131\u015f<\/p>\r\n<\/div>\r\n<p class=\"uagb-ifb-desc\">smag@magprocess.com<\/p>\r\n<\/div>\r\n<\/div>\r\n<\/div>\r\n\r\n\r\n\r\n<div class=\"wp-block-uagb-container uagb-block-4a882008\">\r\n<div class=\"wp-block-uagb-info-box uagb-block-79a1fb7e uagb-infobox__content-wrap  uagb-infobox-icon-left uagb-infobox-left uagb-infobox-stacked-tablet uagb-infobox-image-valign-top\">\r\n<div class=\"uagb-ifb-icon-wrap\">\r\n<div class=\"uagb-iconbox-icon-wrap uagb-infobox-shape-circle\">\u00a0<\/div>\r\n<\/div>\r\n<div class=\"uagb-ifb-content\">\r\n<div class=\"uagb-ifb-title-wrap\">\r\n<p class=\"uagb-ifb-title\">\u0131thalat &#8211; ihracat<\/p>\r\n<\/div>\r\n<p class=\"uagb-ifb-desc\">gmag@magprocess.com<\/p>\r\n<\/div>\r\n<\/div>\r\n<\/div>\r\n\r\n\r\n\r\n<div class=\"wp-block-uagb-container uagb-block-14e2ee49\">\r\n<div class=\"wp-block-uagb-info-box uagb-block-135ab5ac uagb-infobox__content-wrap  uagb-infobox-icon-left uagb-infobox-left uagb-infobox-stacked-tablet uagb-infobox-image-valign-top\">\r\n<div class=\"uagb-ifb-icon-wrap\">\r\n<div class=\"uagb-iconbox-icon-wrap uagb-infobox-shape-circle\">\u00a0<\/div>\r\n<\/div>\r\n<div class=\"uagb-ifb-content\">\r\n<div class=\"uagb-ifb-title-wrap\">\r\n<p class=\"uagb-ifb-title\">insan kaynaklar\u0131<\/p>\r\n<\/div>\r\n<p class=\"uagb-ifb-desc\">hrmag@magprocess.com<\/p>\r\n<\/div>\r\n<\/div>\r\n<\/div>\r\n<\/div>\r\n\r\n\r\n\r\n<p class=\"has-text-align-center\"><strong>\u00c7<mark class=\"has-inline-color has-ast-global-color-1-color\">al\u0131\u015fma G\u00fcn | Saat<\/mark><\/strong><mark class=\"has-inline-color\"> : <\/mark>Pazartesi-Cuma <strong>|<\/strong> 08:30 &#8211; 17:30<\/p>\r\n\r\n\r\n\t\t\t<div \n\t\t\tclass=\"wp-block-uagb-google-map uagb-google-map__wrap uagb-block-f2986e32     \"\n\t\t\tstyle=\"\" >\n\t\t\t\t<embed\n\t\t\t\t\tclass=\"uagb-google-map__iframe\"\n\t\t\t\t\ttitle=\"Google Map for \"\n\t\t\t\t\tsrc=\"https:\/\/maps.google.com\/maps?q=mag%20process%20enerji&#038;z=10&#038;hl=tr&#038;t=k&#038;output=embed&#038;iwloc=near\"\n\t\t\t\t\twidth=\"640\"\n\t\t\t\t\theight=\"354\"\n\t\t\t\t\tloading=\"lazy\"\n\t\t\t\t><\/embed>\n\t\t\t<\/div>\n\t\t\t<\/div>\r\n<\/div>\r\n<p><\/p>\r\n<\/div>\r\n<\/div>\r\n<!-- \/wp:post-content -->","protected":false},"excerpt":{"rendered":"","protected":false},"author":1,"featured_media":0,"parent":0,"menu_order":0,"comment_status":"closed","ping_status":"closed","template":"","meta":{"_uag_custom_page_level_css":"","site-sidebar-layout":"no-sidebar","site-content-layout":"","ast-site-content-layout":"normal-width-container","site-content-style":"default","site-sidebar-style":"default","ast-global-header-display":"","ast-banner-title-visibility":"disabled","ast-main-header-display":"","ast-hfb-above-header-display":"","ast-hfb-below-header-display":"","ast-hfb-mobile-header-display":"","site-post-title":"disabled","ast-breadcrumbs-content":"","ast-featured-img":"","footer-sml-layout":"","ast-disable-related-posts":"","theme-transparent-header-meta":"enabled","adv-header-id-meta":"","stick-header-meta":"","header-above-stick-meta":"","header-main-stick-meta":"","header-below-stick-meta":"","astra-migrate-meta-layouts":"set","ast-page-background-enabled":"default","ast-page-background-meta":{"desktop":{"background-color":"var(--ast-global-color-5)","background-image":"","background-repeat":"repeat","background-position":"center center","background-size":"auto","background-attachment":"scroll","background-type":"","background-media":"","overlay-type":"","overlay-color":"","overlay-opacity":"","overlay-gradient":""},"tablet":{"background-color":"","background-image":"","background-repeat":"repeat","background-position":"center center","background-size":"auto","background-attachment":"scroll","background-type":"","background-media":"","overlay-type":"","overlay-color":"","overlay-opacity":"","overlay-gradient":""},"mobile":{"background-color":"","background-image":"","background-repeat":"repeat","background-position":"center center","background-size":"auto","background-attachment":"scroll","background-type":"","background-media":"","overlay-type":"","overlay-color":"","overlay-opacity":"","overlay-gradient":""}},"ast-content-background-meta":{"desktop":{"background-color":"var(--ast-global-color-4)","background-image":"","background-repeat":"repeat","background-position":"center center","background-size":"auto","background-attachment":"scroll","background-type":"","background-media":"","overlay-type":"","overlay-color":"","overlay-opacity":"","overlay-gradient":""},"tablet":{"background-color":"var(--ast-global-color-4)","background-image":"","background-repeat":"repeat","background-position":"center center","background-size":"auto","background-attachment":"scroll","background-type":"","background-media":"","overlay-type":"","overlay-color":"","overlay-opacity":"","overlay-gradient":""},"mobile":{"background-color":"var(--ast-global-color-4)","background-image":"","background-repeat":"repeat","background-position":"center center","background-size":"auto","background-attachment":"scroll","background-type":"","background-media":"","overlay-type":"","overlay-color":"","overlay-opacity":"","overlay-gradient":""}},"footnotes":""},"class_list":["post-1879","page","type-page","status-publish","hentry"],"yoast_head":"<!-- This site is optimized with the Yoast SEO plugin v27.4 - https:\/\/yoast.com\/product\/yoast-seo-wordpress\/ -->\n<title>ileti\u015fim -<\/title>\n<meta name=\"robots\" content=\"index, follow, max-snippet:-1, max-image-preview:large, max-video-preview:-1\" \/>\n<link rel=\"canonical\" href=\"https:\/\/magenerji.com\/?page_id=1879\" \/>\n<meta property=\"og:locale\" content=\"tr_TR\" \/>\n<meta property=\"og:type\" content=\"article\" \/>\n<meta property=\"og:title\" content=\"ileti\u015fim -\" \/>\n<meta property=\"og:url\" content=\"https:\/\/magenerji.com\/?page_id=1879\" \/>\n<meta property=\"article:modified_time\" content=\"2026-02-06T09:49:22+00:00\" \/>\n<meta name=\"twitter:card\" content=\"summary_large_image\" \/>\n<meta name=\"twitter:label1\" content=\"Tahmini okuma s\u00fcresi\" \/>\n\t<meta name=\"twitter:data1\" content=\"1 dakika\" \/>\n<script type=\"application\/ld+json\" class=\"yoast-schema-graph\">{\"@context\":\"https:\\\/\\\/schema.org\",\"@graph\":[{\"@type\":\"WebPage\",\"@id\":\"https:\\\/\\\/magenerji.com\\\/?page_id=1879\",\"url\":\"https:\\\/\\\/magenerji.com\\\/?page_id=1879\",\"name\":\"ileti\u015fim -\",\"isPartOf\":{\"@id\":\"https:\\\/\\\/magenerji.com\\\/#website\"},\"datePublished\":\"2023-08-16T05:47:34+00:00\",\"dateModified\":\"2026-02-06T09:49:22+00:00\",\"breadcrumb\":{\"@id\":\"https:\\\/\\\/magenerji.com\\\/?page_id=1879#breadcrumb\"},\"inLanguage\":\"tr\",\"potentialAction\":[{\"@type\":\"ReadAction\",\"target\":[\"https:\\\/\\\/magenerji.com\\\/?page_id=1879\"]}]},{\"@type\":\"BreadcrumbList\",\"@id\":\"https:\\\/\\\/magenerji.com\\\/?page_id=1879#breadcrumb\",\"itemListElement\":[{\"@type\":\"ListItem\",\"position\":1,\"name\":\"Anasayfa\",\"item\":\"https:\\\/\\\/magenerji.com\\\/\"},{\"@type\":\"ListItem\",\"position\":2,\"name\":\"ileti\u015fim\"}]},{\"@type\":\"WebSite\",\"@id\":\"https:\\\/\\\/magenerji.com\\\/#website\",\"url\":\"https:\\\/\\\/magenerji.com\\\/\",\"name\":\"\",\"description\":\"MAG\",\"potentialAction\":[{\"@type\":\"SearchAction\",\"target\":{\"@type\":\"EntryPoint\",\"urlTemplate\":\"https:\\\/\\\/magenerji.com\\\/?s={search_term_string}\"},\"query-input\":{\"@type\":\"PropertyValueSpecification\",\"valueRequired\":true,\"valueName\":\"search_term_string\"}}],\"inLanguage\":\"tr\"}]}<\/script>\n<!-- \/ Yoast SEO plugin. -->","yoast_head_json":{"title":"ileti\u015fim -","robots":{"index":"index","follow":"follow","max-snippet":"max-snippet:-1","max-image-preview":"max-image-preview:large","max-video-preview":"max-video-preview:-1"},"canonical":"https:\/\/magenerji.com\/?page_id=1879","og_locale":"tr_TR","og_type":"article","og_title":"ileti\u015fim -","og_url":"https:\/\/magenerji.com\/?page_id=1879","article_modified_time":"2026-02-06T09:49:22+00:00","twitter_card":"summary_large_image","twitter_misc":{"Tahmini okuma s\u00fcresi":"1 dakika"},"schema":{"@context":"https:\/\/schema.org","@graph":[{"@type":"WebPage","@id":"https:\/\/magenerji.com\/?page_id=1879","url":"https:\/\/magenerji.com\/?page_id=1879","name":"ileti\u015fim -","isPartOf":{"@id":"https:\/\/magenerji.com\/#website"},"datePublished":"2023-08-16T05:47:34+00:00","dateModified":"2026-02-06T09:49:22+00:00","breadcrumb":{"@id":"https:\/\/magenerji.com\/?page_id=1879#breadcrumb"},"inLanguage":"tr","potentialAction":[{"@type":"ReadAction","target":["https:\/\/magenerji.com\/?page_id=1879"]}]},{"@type":"BreadcrumbList","@id":"https:\/\/magenerji.com\/?page_id=1879#breadcrumb","itemListElement":[{"@type":"ListItem","position":1,"name":"Anasayfa","item":"https:\/\/magenerji.com\/"},{"@type":"ListItem","position":2,"name":"ileti\u015fim"}]},{"@type":"WebSite","@id":"https:\/\/magenerji.com\/#website","url":"https:\/\/magenerji.com\/","name":"","description":"MAG","potentialAction":[{"@type":"SearchAction","target":{"@type":"EntryPoint","urlTemplate":"https:\/\/magenerji.com\/?s={search_term_string}"},"query-input":{"@type":"PropertyValueSpecification","valueRequired":true,"valueName":"search_term_string"}}],"inLanguage":"tr"}]}},"uagb_featured_image_src":{"full":false,"thumbnail":false,"medium":false,"medium_large":false,"large":false,"1536x1536":false,"2048x2048":false},"uagb_author_info":{"display_name":"admin","author_link":"https:\/\/magenerji.com\/?author=1"},"uagb_comment_info":0,"uagb_excerpt":null,"jetpack_sharing_enabled":true,"_links":{"self":[{"href":"https:\/\/magenerji.com\/index.php?rest_route=\/wp\/v2\/pages\/1879","targetHints":{"allow":["GET"]}}],"collection":[{"href":"https:\/\/magenerji.com\/index.php?rest_route=\/wp\/v2\/pages"}],"about":[{"href":"https:\/\/magenerji.com\/index.php?rest_route=\/wp\/v2\/types\/page"}],"author":[{"embeddable":true,"href":"https:\/\/magenerji.com\/index.php?rest_route=\/wp\/v2\/users\/1"}],"replies":[{"embeddable":true,"href":"https:\/\/magenerji.com\/index.php?rest_route=%2Fwp%2Fv2%2Fcomments&post=1879"}],"version-history":[{"count":0,"href":"https:\/\/magenerji.com\/index.php?rest_route=\/wp\/v2\/pages\/1879\/revisions"}],"wp:attachment":[{"href":"https:\/\/magenerji.com\/index.php?rest_route=%2Fwp%2Fv2%2Fmedia&parent=1879"}],"curies":[{"name":"wp","href":"https:\/\/api.w.org\/{rel}","templated":true}]}}